{"id":404,"date":"2016-07-28T17:16:23","date_gmt":"2016-07-28T17:16:23","guid":{"rendered":"https:\/\/bravoparty.com\/fr\/?page_id=404"},"modified":"2021-06-10T15:01:35","modified_gmt":"2021-06-10T15:01:35","slug":"services","status":"publish","type":"page","link":"https:\/\/bravoparty.com\/fr\/services\/","title":{"rendered":"Services"},"content":{"rendered":"<div class=\"wpb-content-wrapper\"><p>[vc_row css=\u00a0\u00bb.vc_custom_1474649843868{background-color: #ededed !important;}\u00a0\u00bb][vc_column][vc_row_inner equal_height=\u00a0\u00bbyes\u00a0\u00bb el_class=\u00a0\u00bbrollover-grid rollover-white\u00a0\u00bb][vc_column_inner width=\u00a0\u00bb1\/4&Prime;][vc_column_text]<\/p>\n<h4 class=\"body-font uppercase\">Service client hors pair<\/h4>\n<p>Nos sp\u00e9cialistes sont form\u00e9s pour vous assister tout au long du processus. Nos associ\u00e9s des ventes\u00a0sont d\u2019un excellent support pour nos clients.[\/vc_column_text][\/vc_column_inner][vc_column_inner width=\u00a0\u00bb1\/4&Prime;][vc_column_text]<\/p>\n<h4 class=\"body-font uppercase\">Soumission en ligne<\/h4>\n<p>Comme tous nos prix sont affich\u00e9s en ligne, il est facile et rapide pour vous de cr\u00e9er une soumission. Un associ\u00e9 de ventes\u00a0fera toujours un suivi pour discuter de votre commande.[\/vc_column_text][\/vc_column_inner][vc_column_inner width=\u00a0\u00bb1\/4&Prime;][vc_column_text]<\/p>\n<h4 class=\"body-font uppercase\">Support Technique<\/h4>\n<p>Ce qui est unique \u00e0 Bravo, c\u2019est que nous avons des techniciens qui travaillent \u00e0 temps plein et qui s\u2019occupent de l\u2019\u00e9quipement. Ils connaissent tous les aspects de nos \u00e9quipements de cuisine et de traiteur. Nous offrons le support pour notre \u00e9quipement 24\/7.[\/vc_column_text][\/vc_column_inner][vc_column_inner width=\u00a0\u00bb1\/4&Prime;][vc_column_text]<\/p>\n<h4 class=\"body-font uppercase\">Salle de montre<\/h4>\n<p>C\u2019est un WOW garanti! Notre salle de montre est \u00e0 rendez-vous uniquement. C\u2019est une excellente opportunit\u00e9 de venir d\u00e9couvrir nos installations saisonni\u00e8res, les derni\u00e8res id\u00e9es tendance et voir nos \u00e9quipements dernier cri.[\/vc_column_text][\/vc_column_inner][\/vc_row_inner][vc_row_inner equal_height=\u00a0\u00bbyes\u00a0\u00bb el_class=\u00a0\u00bbrollover-grid rollover-white\u00a0\u00bb][vc_column_inner width=\u00a0\u00bb1\/4&Prime;][vc_column_text]<\/p>\n<h4 class=\"body-font uppercase\">Bureaux<\/h4>\n<p>Besoin de temps et d\u2019espace pour planifier votre \u00e9v\u00e8nement? Bravo met \u00e0 votre disposition une salle de conf\u00e9rence et\/ou des bureaux pour rencontrer des clients ou simplement pour prendre le temps de travailler en priv\u00e9 sur votre \u00e9v\u00e8nement. Ce service est offert sur rendez-vous seulement.[\/vc_column_text][\/vc_column_inner][vc_column_inner width=\u00a0\u00bb1\/4&Prime;][vc_column_text]<\/p>\n<h4 class=\"body-font uppercase\">Transport \u00e0 temps \/ hors des heures d\u2019ouverture<\/h4>\n<p>Notre d\u00e9partement de transport est toujours pr\u00eat, 24\/7! Nos GPS nous permettent de savoir o\u00f9 sont les livreurs en tout temps. Cherchez nos camions sur la route ou sur place.[\/vc_column_text][\/vc_column_inner][vc_column_inner width=\u00a0\u00bb1\/4&Prime;][vc_column_text]<\/p>\n<h4 class=\"body-font uppercase\">Service de \u00a0mise en place et d\u00e9sinstallation<\/h4>\n<p>Nous offrons le service de mise en place des \u00e9quipements, installation et d\u00e9sinstallation. Votre \u00e9v\u00e8nement est entre bonnes mains avec Bravo sur place.[\/vc_column_text][\/vc_column_inner][vc_column_inner width=\u00a0\u00bb1\/4&Prime;][vc_column_text]<\/p>\n<h4 class=\"body-font uppercase\">CAD<\/h4>\n<p>Nos sp\u00e9cialistes Bravo vous assisteront dans le d\u00e9veloppement de vos plans de salle avec le logiciel CAD, pour assurer le devis \u00e0 l\u2019\u00e9chelle de votre \u00e9v\u00e8nement.[\/vc_column_text][\/vc_column_inner][\/vc_row_inner][\/vc_column][\/vc_row][vc_row][vc_column width=\u00a0\u00bb5\/12&Prime;][vc_single_image image=\u00a0\u00bb219&Prime; img_size=\u00a0\u00bblarge\u00a0\u00bb alignment=\u00a0\u00bbcenter\u00a0\u00bb][\/vc_column][vc_column width=\u00a0\u00bb7\/12&Prime;][vc_column_text el_class=\u00a0\u00bboverlap-up\u00a0\u00bb]<\/p>\n<h2>Nous sommes accr\u00e9dit\u00e9s!<\/h2>\n<p>Bravo est fier d\u2019\u00eatre accr\u00e9dit\u00e9 Certified Event Rental Professionals (CERP) de l\u2019American Rental Association. Le CERP est le seul programme de certification sp\u00e9cifique \u00e0 l\u2019industrie de l\u2019organisation d\u2019\u00e9v\u00e8nement et de locations. Cela symbolise notre connaissance et notre expertise qui sont un engagement soutenu envers vous.[\/vc_column_text][vc_single_image image=\u00a0\u00bb227&Prime; img_size=\u00a0\u00bbfull\u00a0\u00bb el_class=\u00a0\u00bboverlay-left\u00a0\u00bb][\/vc_column][\/vc_row]<\/p>\n<\/div>","protected":false},"excerpt":{"rendered":"<p>[vc_row css=\u00a0\u00bb.vc_custom_1474649843868{background-color: #ededed !important;}\u00a0\u00bb][vc_column][vc_row_inner equal_height=\u00a0\u00bbyes\u00a0\u00bb el_class=\u00a0\u00bbrollover-grid rollover-white\u00a0\u00bb][vc_column_inner width=\u00a0\u00bb1\/4&Prime;][vc_column_text] Service client hors pair Nos sp\u00e9cialistes sont form\u00e9s pour vous assister tout au long du processus. Nos associ\u00e9s des ventes\u00a0sont d\u2019un excellent support pour nos clients.[\/vc_column_text][\/vc_column_inner][vc_column_inner width=\u00a0\u00bb1\/4&Prime;][vc_column_text] Soumission en ligne Comme tous nos prix sont affich\u00e9s en ligne, il est facile et rapide pour vous de cr\u00e9er [&hellip;]<\/p>\n","protected":false},"author":1,"featured_media":647,"parent":0,"menu_order":0,"comment_status":"closed","ping_status":"open","template":"","meta":{"footnotes":""},"class_list":["post-404","page","type-page","status-publish","has-post-thumbnail","hentry"],"_links":{"self":[{"href":"https:\/\/bravoparty.com\/fr\/wp-json\/wp\/v2\/pages\/404","targetHints":{"allow":["GET"]}}],"collection":[{"href":"https:\/\/bravoparty.com\/fr\/wp-json\/wp\/v2\/pages"}],"about":[{"href":"https:\/\/bravoparty.com\/fr\/wp-json\/wp\/v2\/types\/page"}],"author":[{"embeddable":true,"href":"https:\/\/bravoparty.com\/fr\/wp-json\/wp\/v2\/users\/1"}],"replies":[{"embeddable":true,"href":"https:\/\/bravoparty.com\/fr\/wp-json\/wp\/v2\/comments?post=404"}],"version-history":[{"count":7,"href":"https:\/\/bravoparty.com\/fr\/wp-json\/wp\/v2\/pages\/404\/revisions"}],"predecessor-version":[{"id":55559,"href":"https:\/\/bravoparty.com\/fr\/wp-json\/wp\/v2\/pages\/404\/revisions\/55559"}],"wp:featuredmedia":[{"embeddable":true,"href":"https:\/\/bravoparty.com\/fr\/wp-json\/wp\/v2\/media\/647"}],"wp:attachment":[{"href":"https:\/\/bravoparty.com\/fr\/wp-json\/wp\/v2\/media?parent=404"}],"curies":[{"name":"wp","href":"https:\/\/api.w.org\/{rel}","templated":true}]}}