{"id":406,"date":"2016-09-30T16:50:49","date_gmt":"2016-09-30T16:50:49","guid":{"rendered":"https:\/\/bravoparty.com\/fr\/?page_id=406"},"modified":"2025-05-07T14:49:32","modified_gmt":"2025-05-07T18:49:32","slug":"je-suis-un-traiteur","status":"publish","type":"page","link":"https:\/\/bravoparty.com\/fr\/services\/je-suis-un-traiteur\/","title":{"rendered":"Je suis un traiteur"},"content":{"rendered":"<div class=\"wpb-content-wrapper\"><p>[vc_row el_class=\u00a0\u00bbheader-row\u00a0\u00bb][vc_column width=\u00a0\u00bb1\/2&Prime;][vc_column_text]<\/p>\n<h3>\u00c0 votre service, pour mieux servir les v\u00f4tres<\/h3>\n<p>[\/vc_column_text][vc_column_text]Bravo est fier de fournir une vari\u00e9t\u00e9 d\u2019\u00e9quipement de cuisine\/traiteur \u00e0 la fine pointe de l\u2019industrie; la plus large de l\u2019Est du Canada.<br \/>\nQue ce soit un four tandoori, une machine \u00e0 yogourt glac\u00e9, des r\u00f4tissoires Caja China, des fours pour la pizza\u2026 notre liste est longue.<\/p>\n<p>[\/vc_column_text][vc_btn title=\u00a0\u00bbVoyez notre inventaire\u00a0\u00bb style=\u00a0\u00bbflat\u00a0\u00bb color=\u00a0\u00bbpink\u00a0\u00bb link=\u00a0\u00bburl:http%3A%2F%2Fcatalogue.bravoparty.com%2Fbuffet-serving-pieces%2F|||\u00a0\u00bb][\/vc_column][vc_column width=\u00a0\u00bb1\/2&Prime;][vc_single_image image=\u00a0\u00bb199&Prime; img_size=\u00a0\u00bblarge\u00a0\u00bb][\/vc_column][\/vc_row]<\/p>\n<\/div>","protected":false},"excerpt":{"rendered":"<p>[vc_row el_class=\u00a0\u00bbheader-row\u00a0\u00bb][vc_column width=\u00a0\u00bb1\/2&Prime;][vc_column_text] \u00c0 votre service, pour mieux servir les v\u00f4tres [\/vc_column_text][vc_column_text]Bravo est fier de fournir une vari\u00e9t\u00e9 d\u2019\u00e9quipement de cuisine\/traiteur \u00e0 la fine pointe de l\u2019industrie; la plus large de l\u2019Est du Canada. Que ce soit un four tandoori, une machine \u00e0 yogourt glac\u00e9, des r\u00f4tissoires Caja China, des fours pour la pizza\u2026 notre [&hellip;]<\/p>\n","protected":false},"author":1,"featured_media":55564,"parent":404,"menu_order":0,"comment_status":"closed","ping_status":"closed","template":"","meta":{"footnotes":""},"class_list":["post-406","page","type-page","status-publish","has-post-thumbnail","hentry"],"_links":{"self":[{"href":"https:\/\/bravoparty.com\/fr\/wp-json\/wp\/v2\/pages\/406","targetHints":{"allow":["GET"]}}],"collection":[{"href":"https:\/\/bravoparty.com\/fr\/wp-json\/wp\/v2\/pages"}],"about":[{"href":"https:\/\/bravoparty.com\/fr\/wp-json\/wp\/v2\/types\/page"}],"author":[{"embeddable":true,"href":"https:\/\/bravoparty.com\/fr\/wp-json\/wp\/v2\/users\/1"}],"replies":[{"embeddable":true,"href":"https:\/\/bravoparty.com\/fr\/wp-json\/wp\/v2\/comments?post=406"}],"version-history":[{"count":8,"href":"https:\/\/bravoparty.com\/fr\/wp-json\/wp\/v2\/pages\/406\/revisions"}],"predecessor-version":[{"id":55567,"href":"https:\/\/bravoparty.com\/fr\/wp-json\/wp\/v2\/pages\/406\/revisions\/55567"}],"up":[{"embeddable":true,"href":"https:\/\/bravoparty.com\/fr\/wp-json\/wp\/v2\/pages\/404"}],"wp:featuredmedia":[{"embeddable":true,"href":"https:\/\/bravoparty.com\/fr\/wp-json\/wp\/v2\/media\/55564"}],"wp:attachment":[{"href":"https:\/\/bravoparty.com\/fr\/wp-json\/wp\/v2\/media?parent=406"}],"curies":[{"name":"wp","href":"https:\/\/api.w.org\/{rel}","templated":true}]}}