{"id":408,"date":"2016-09-30T16:17:13","date_gmt":"2016-09-30T16:17:13","guid":{"rendered":"https:\/\/bravoparty.com\/fr\/?page_id=408"},"modified":"2021-06-15T16:18:35","modified_gmt":"2021-06-15T16:18:35","slug":"je-suis-professionel-devenement","status":"publish","type":"page","link":"https:\/\/bravoparty.com\/fr\/services\/je-suis-professionel-devenement\/","title":{"rendered":"Je suis un professionel"},"content":{"rendered":"<div class=\"wpb-content-wrapper\"><p>[vc_row el_class=\u00a0\u00bbheader-row\u00a0\u00bb][vc_column width=\u00a0\u00bb1\/2&Prime;][vc_column_text]<\/p>\n<h3>Laissez-nous faire partie de votre \u00e9quipe<\/h3>\n<p>[\/vc_column_text][vc_column_text]Vous \u00eates un pro et vous savez ce dont vous avez besoin. Les associ\u00e9s des ventes\u00a0de Bravo sont l\u00e0 pour rendre le processus de commande rapide et efficace. Nos produits sont mis \u00e0 jour sur une base saisonni\u00e8re de fa\u00e7on \u00e0 ce que vous ayez toujours quelque chose de nouveau \u00e0 voir o\u00f9 \u00e0 montrer \u00e0 vos clients.<\/p>\n<p>Faites confiance \u00e0 l\u2019\u00e9quipe de Bravo pour assister vos clients dans l\u2019\u00e9ventualit\u00e9 que vous soyez non-disponible. Vous pouvez compter sur nous pour leur offrir le m\u00eame haut niveau de service \u00e0 la client\u00e8le. Nous faisons, apr\u00e8s tout, partie de votre \u00e9quipe![\/vc_column_text][vc_btn title=\u00a0\u00bbVoyez notre inventaire\u00a0\u00bb style=\u00a0\u00bbflat\u00a0\u00bb color=\u00a0\u00bbpink\u00a0\u00bb link=\u00a0\u00bburl:http%3A%2F%2Fcatalogue.bravoparty.com%2Fexhibition-meetings%2F|||\u00a0\u00bb][\/vc_column][vc_column width=\u00a0\u00bb1\/2&Prime;][vc_single_image image=\u00a0\u00bb13733&Prime; img_size=\u00a0\u00bblarge\u00a0\u00bb][\/vc_column][\/vc_row]<\/p>\n<\/div>","protected":false},"excerpt":{"rendered":"<p>[vc_row el_class=\u00a0\u00bbheader-row\u00a0\u00bb][vc_column width=\u00a0\u00bb1\/2&Prime;][vc_column_text] Laissez-nous faire partie de votre \u00e9quipe [\/vc_column_text][vc_column_text]Vous \u00eates un pro et vous savez ce dont vous avez besoin. Les associ\u00e9s des ventes\u00a0de Bravo sont l\u00e0 pour rendre le processus de commande rapide et efficace. Nos produits sont mis \u00e0 jour sur une base saisonni\u00e8re de fa\u00e7on \u00e0 ce que vous ayez toujours [&hellip;]<\/p>\n","protected":false},"author":1,"featured_media":205,"parent":404,"menu_order":0,"comment_status":"closed","ping_status":"closed","template":"","meta":{"footnotes":""},"class_list":["post-408","page","type-page","status-publish","has-post-thumbnail","hentry"],"_links":{"self":[{"href":"https:\/\/bravoparty.com\/fr\/wp-json\/wp\/v2\/pages\/408","targetHints":{"allow":["GET"]}}],"collection":[{"href":"https:\/\/bravoparty.com\/fr\/wp-json\/wp\/v2\/pages"}],"about":[{"href":"https:\/\/bravoparty.com\/fr\/wp-json\/wp\/v2\/types\/page"}],"author":[{"embeddable":true,"href":"https:\/\/bravoparty.com\/fr\/wp-json\/wp\/v2\/users\/1"}],"replies":[{"embeddable":true,"href":"https:\/\/bravoparty.com\/fr\/wp-json\/wp\/v2\/comments?post=408"}],"version-history":[{"count":14,"href":"https:\/\/bravoparty.com\/fr\/wp-json\/wp\/v2\/pages\/408\/revisions"}],"predecessor-version":[{"id":13735,"href":"https:\/\/bravoparty.com\/fr\/wp-json\/wp\/v2\/pages\/408\/revisions\/13735"}],"up":[{"embeddable":true,"href":"https:\/\/bravoparty.com\/fr\/wp-json\/wp\/v2\/pages\/404"}],"wp:featuredmedia":[{"embeddable":true,"href":"https:\/\/bravoparty.com\/fr\/wp-json\/wp\/v2\/media\/205"}],"wp:attachment":[{"href":"https:\/\/bravoparty.com\/fr\/wp-json\/wp\/v2\/media?parent=408"}],"curies":[{"name":"wp","href":"https:\/\/api.w.org\/{rel}","templated":true}]}}