{"id":410,"date":"2016-09-30T16:37:55","date_gmt":"2016-09-30T16:37:55","guid":{"rendered":"https:\/\/bravoparty.com\/fr\/?page_id=410"},"modified":"2021-06-10T14:54:24","modified_gmt":"2021-06-10T14:54:24","slug":"jorganise-un-evenement","status":"publish","type":"page","link":"https:\/\/bravoparty.com\/fr\/services\/jorganise-un-evenement\/","title":{"rendered":"J&rsquo;organise un \u00e9v\u00e8nement"},"content":{"rendered":"<div class=\"wpb-content-wrapper\"><p>[vc_row el_class=\u00a0\u00bbheader-row\u00a0\u00bb][vc_column width=\u00a0\u00bb1\/2&Prime;][vc_column_text]<\/p>\n<h3>Tant de choses \u00e0 faire en si peu de temps \u2013 nous sommes l\u00e0 pour vous aider!<\/h3>\n<p>[\/vc_column_text][vc_column_text]Nos sp\u00e9cialistes pourront vous guider \u00e0 travers les locations et faire du processus un jeu d\u2019enfant. N\u2019ayez crainte d\u2019oublier un d\u00e9tail, notre \u00e9quipe est form\u00e9e pour vous poser les bonnes questions et vous fournir toute l\u2019information n\u00e9cessaire pour faire de votre \u00e9v\u00e8nement un succ\u00e8s.<\/p>\n<p>Avec plus de 500 000 items en stock, nous avons ce qu\u2019il vous faut, quel que soit l\u2019\u00e9v\u00e8nement.[\/vc_column_text][vc_btn title=\u00a0\u00bbVoyez notre inventaire\u00a0\u00bb style=\u00a0\u00bbflat\u00a0\u00bb color=\u00a0\u00bbpink\u00a0\u00bb link=\u00a0\u00bburl:http%3A%2F%2Fcatalogue.bravoparty.com%2Flinens%2F|||\u00a0\u00bb][\/vc_column][vc_column width=\u00a0\u00bb1\/2&Prime;][vc_single_image image=\u00a0\u00bb595&Prime; img_size=\u00a0\u00bblarge\u00a0\u00bb alignment=\u00a0\u00bbright\u00a0\u00bb][\/vc_column][\/vc_row]<\/p>\n<\/div>","protected":false},"excerpt":{"rendered":"<p>[vc_row el_class=\u00a0\u00bbheader-row\u00a0\u00bb][vc_column width=\u00a0\u00bb1\/2&Prime;][vc_column_text] Tant de choses \u00e0 faire en si peu de temps \u2013 nous sommes l\u00e0 pour vous aider! [\/vc_column_text][vc_column_text]Nos sp\u00e9cialistes pourront vous guider \u00e0 travers les locations et faire du processus un jeu d\u2019enfant. N\u2019ayez crainte d\u2019oublier un d\u00e9tail, notre \u00e9quipe est form\u00e9e pour vous poser les bonnes questions et vous fournir toute [&hellip;]<\/p>\n","protected":false},"author":1,"featured_media":521,"parent":404,"menu_order":0,"comment_status":"closed","ping_status":"closed","template":"","meta":{"footnotes":""},"class_list":["post-410","page","type-page","status-publish","has-post-thumbnail","hentry"],"_links":{"self":[{"href":"https:\/\/bravoparty.com\/fr\/wp-json\/wp\/v2\/pages\/410","targetHints":{"allow":["GET"]}}],"collection":[{"href":"https:\/\/bravoparty.com\/fr\/wp-json\/wp\/v2\/pages"}],"about":[{"href":"https:\/\/bravoparty.com\/fr\/wp-json\/wp\/v2\/types\/page"}],"author":[{"embeddable":true,"href":"https:\/\/bravoparty.com\/fr\/wp-json\/wp\/v2\/users\/1"}],"replies":[{"embeddable":true,"href":"https:\/\/bravoparty.com\/fr\/wp-json\/wp\/v2\/comments?post=410"}],"version-history":[{"count":6,"href":"https:\/\/bravoparty.com\/fr\/wp-json\/wp\/v2\/pages\/410\/revisions"}],"predecessor-version":[{"id":13602,"href":"https:\/\/bravoparty.com\/fr\/wp-json\/wp\/v2\/pages\/410\/revisions\/13602"}],"up":[{"embeddable":true,"href":"https:\/\/bravoparty.com\/fr\/wp-json\/wp\/v2\/pages\/404"}],"wp:featuredmedia":[{"embeddable":true,"href":"https:\/\/bravoparty.com\/fr\/wp-json\/wp\/v2\/media\/521"}],"wp:attachment":[{"href":"https:\/\/bravoparty.com\/fr\/wp-json\/wp\/v2\/media?parent=410"}],"curies":[{"name":"wp","href":"https:\/\/api.w.org\/{rel}","templated":true}]}}