{"id":414,"date":"2016-09-21T21:02:47","date_gmt":"2016-09-21T21:02:47","guid":{"rendered":"https:\/\/bravoparty.com\/fr\/?page_id=414"},"modified":"2017-02-26T20:34:17","modified_gmt":"2017-02-26T20:34:17","slug":"livraison","status":"publish","type":"page","link":"https:\/\/bravoparty.com\/fr\/transport\/livraison\/","title":{"rendered":"Livraison"},"content":{"rendered":"<div class=\"wpb-content-wrapper\"><p>[vc_row el_class=\u00a0\u00bbheader-row\u00a0\u00bb][vc_column width=\u00a0\u00bb1\/2&Prime;][vc_column_text]<\/p>\n<h3>Nous nous en occupons! Notre flotte de chauffeurs professionnels<\/h3>\n<p>[\/vc_column_text][vc_column_text]Nous sommes fiers de notre livraison et ramassage toujours \u00e0 temps. Les membres de l\u2019\u00e9quipe des Ventes travaillent toujours en collaboration avec les membres de l\u2019\u00e9quipe de Transport et de l\u2019Entrep\u00f4t pour s\u2019assurer de maintenir un horaire bien r\u00e9gul\u00e9 et pr\u00e9cis. Nous travaillons tous en \u00e9quipe avec un seul but en t\u00eate\u2026 nos clients!<\/p>\n<p><a href=\"https:\/\/bravoparty.com\/fr\/transport\/cueillette-retour-client\/\">En savoir plus sur les services de cueillette et retours.<\/a>[\/vc_column_text][\/vc_column][vc_column width=\u00a0\u00bb1\/2&Prime;][vc_single_image image=\u00a0\u00bb603&Prime; img_size=\u00a0\u00bblarge\u00a0\u00bb alignment=\u00a0\u00bbright\u00a0\u00bb][\/vc_column][\/vc_row][vc_row css=\u00a0\u00bb.vc_custom_1478013983084{background-color: #ededed !important;}\u00a0\u00bb][vc_column][vc_row_inner][vc_column_inner width=\u00a0\u00bb1\/2&Prime;][vc_column_text]<strong>Fiable<\/strong><br \/>\nNotre personnel de transport est constitu\u00e9<strong class=\"Latn headword\" lang=\"mul\">\u00a0<\/strong>de chauffeurs professionnels qui sont form\u00e9s pour faire preuve de prudence dans les maisons des clients ou dans les diff\u00e9rents sites.[\/vc_column_text][\/vc_column_inner][vc_column_inner width=\u00a0\u00bb1\/2&Prime;][vc_column_text]<strong>\u00c0 temps<\/strong><br \/>\nNous offrons le m\u00eame d\u00e9lai de livraison qu&rsquo;il soit\u00a0tard la nuit ou en p\u00e9riode f\u00e9ri\u00e9e. Votre \u00e9v\u00e8nement\u00a0est une priorit\u00e9 dans l\u2019horaire de Bravo.[\/vc_column_text][\/vc_column_inner][\/vc_row_inner][vc_row_inner][vc_column_inner width=\u00a0\u00bb1\/2&Prime;][vc_column_text]<strong>GPS<br \/>\n<\/strong>Notre \u00e9quipe de transport est constamment en contact avec nos bureaux. Tous sont connect\u00e9s avec des GPS, donc nous savons en tout temps o\u00f9 ils se trouvent avec votre commande.[\/vc_column_text][\/vc_column_inner][vc_column_inner width=\u00a0\u00bb1\/2&Prime;][vc_column_text]<strong>Aucune commande n\u2019est trop petite<\/strong><br \/>\nNous prenons des commandes de toutes tailles avec <a href=\"https:\/\/bravoparty.com\/fr\/transport\/cueillette-retour-client\/\">notre syst\u00e8me de Cueillette<\/a> facile \u00e0 utiliser.[\/vc_column_text][\/vc_column_inner][\/vc_row_inner][\/vc_column][\/vc_row]<\/p>\n<\/div>","protected":false},"excerpt":{"rendered":"<p>[vc_row el_class=\u00a0\u00bbheader-row\u00a0\u00bb][vc_column width=\u00a0\u00bb1\/2&Prime;][vc_column_text] Nous nous en occupons! Notre flotte de chauffeurs professionnels [\/vc_column_text][vc_column_text]Nous sommes fiers de notre livraison et ramassage toujours \u00e0 temps. Les membres de l\u2019\u00e9quipe des Ventes travaillent toujours en collaboration avec les membres de l\u2019\u00e9quipe de Transport et de l\u2019Entrep\u00f4t pour s\u2019assurer de maintenir un horaire bien r\u00e9gul\u00e9 et pr\u00e9cis. Nous travaillons [&hellip;]<\/p>\n","protected":false},"author":1,"featured_media":619,"parent":412,"menu_order":0,"comment_status":"closed","ping_status":"closed","template":"","meta":{"footnotes":""},"class_list":["post-414","page","type-page","status-publish","has-post-thumbnail","hentry"],"_links":{"self":[{"href":"https:\/\/bravoparty.com\/fr\/wp-json\/wp\/v2\/pages\/414","targetHints":{"allow":["GET"]}}],"collection":[{"href":"https:\/\/bravoparty.com\/fr\/wp-json\/wp\/v2\/pages"}],"about":[{"href":"https:\/\/bravoparty.com\/fr\/wp-json\/wp\/v2\/types\/page"}],"author":[{"embeddable":true,"href":"https:\/\/bravoparty.com\/fr\/wp-json\/wp\/v2\/users\/1"}],"replies":[{"embeddable":true,"href":"https:\/\/bravoparty.com\/fr\/wp-json\/wp\/v2\/comments?post=414"}],"version-history":[{"count":8,"href":"https:\/\/bravoparty.com\/fr\/wp-json\/wp\/v2\/pages\/414\/revisions"}],"predecessor-version":[{"id":55556,"href":"https:\/\/bravoparty.com\/fr\/wp-json\/wp\/v2\/pages\/414\/revisions\/55556"}],"up":[{"embeddable":true,"href":"https:\/\/bravoparty.com\/fr\/wp-json\/wp\/v2\/pages\/412"}],"wp:featuredmedia":[{"embeddable":true,"href":"https:\/\/bravoparty.com\/fr\/wp-json\/wp\/v2\/media\/619"}],"wp:attachment":[{"href":"https:\/\/bravoparty.com\/fr\/wp-json\/wp\/v2\/media?parent=414"}],"curies":[{"name":"wp","href":"https:\/\/api.w.org\/{rel}","templated":true}]}}