{"id":416,"date":"2016-09-30T16:52:31","date_gmt":"2016-09-30T16:52:31","guid":{"rendered":"https:\/\/bravoparty.com\/fr\/?page_id=416"},"modified":"2022-06-10T15:51:58","modified_gmt":"2022-06-10T15:51:58","slug":"cueillette-retour-client","status":"publish","type":"page","link":"https:\/\/bravoparty.com\/fr\/transport\/cueillette-retour-client\/","title":{"rendered":"Cueillette et Retour"},"content":{"rendered":"<div class=\"wpb-content-wrapper\"><p>[vc_row el_class=\u00a0\u00bbheader-row\u00a0\u00bb][vc_column width=\u00a0\u00bb1\/2&Prime;][vc_column_text]<\/p>\n<h3>Un jeu d\u2019enfant!<\/h3>\n<p>[\/vc_column_text][vc_column_text]Si vous d\u00e9sirez venir chercher votre commande, nous avons un d\u00e9partement d\u00e9di\u00e9 \u00e0 la cueillette\/retour.<\/p>\n<p>Des frais suppl\u00e9mentaires de pr\u00e9paration de 50$ seront factur\u00e9s pour toutes les commandes de ramassage.<\/p>\n<p>Un contrat de traiteur de derni\u00e8re minute ou un \u00e9v\u00e8nement d&rsquo;entreprise, notre d\u00e9partement de cueillette est toujours pr\u00eat. Notre \u00e9quipe est l\u00e0 pour vous assister au chargement et au comptage de votre commande.<\/p>\n<p>Si vous souhaitez que votre commande soit livr\u00e9e, notre \u00e9quipe de Transport est \u00e0 votre disposition 24\/7.<\/p>\n<p><a href=\"https:\/\/bravoparty.com\/fr\/transport\/delivery\/\">En savoir plus sur le service de livraison.<\/a>[\/vc_column_text][\/vc_column][vc_column width=\u00a0\u00bb1\/2&Prime;][vc_single_image image=\u00a0\u00bb27&Prime; img_size=\u00a0\u00bblarge\u00a0\u00bb][\/vc_column][\/vc_row][vc_row equal_height=\u00a0\u00bbyes\u00a0\u00bb content_placement=\u00a0\u00bbmiddle\u00a0\u00bb el_class=\u00a0\u00bbno-gap\u00a0\u00bb css=\u00a0\u00bb.vc_custom_1474648209563{margin-top: 50px !important;margin-bottom: 18px !important;}\u00a0\u00bb][vc_column width=\u00a0\u00bb1\/3&Prime; css=\u00a0\u00bb.vc_custom_1479338707293{padding-top: 40px !important;padding-right: 5% !important;padding-bottom: 40px !important;padding-left: 5% !important;background-image: url(https:\/\/bravoparty.com\/wp-content\/uploads\/2016\/09\/Step-1.jpg?id=554) !important;background-position: center !important;background-repeat: no-repeat !important;background-size: cover !important;}\u00a0\u00bb el_class=\u00a0\u00bbfancy-box\u00a0\u00bb][vc_column_text el_class=\u00a0\u00bbtop-number-box\u00a0\u00bb]\u00c9TAPE 1[\/vc_column_text][vc_column_text el_class=\u00a0\u00bbwhite-overlay-text\u00a0\u00bb]Faites votre commande en ligne, ou appelez-nous pour qu&rsquo;un associ\u00e9 des ventes\u00a0vous guide \u00e0 travers le processus de commande.[\/vc_column_text][\/vc_column][vc_column width=\u00a0\u00bb1\/3&Prime; css=\u00a0\u00bb.vc_custom_1479338715292{padding-top: 40px !important;padding-right: 5% !important;padding-bottom: 40px !important;padding-left: 5% !important;background-image: url(https:\/\/bravoparty.com\/wp-content\/uploads\/2016\/09\/Step-2.jpg?id=555) !important;background-position: center !important;background-repeat: no-repeat !important;background-size: cover !important;}\u00a0\u00bb el_class=\u00a0\u00bbfancy-box\u00a0\u00bb][vc_column_text el_class=\u00a0\u00bbtop-number-box\u00a0\u00bb]\u00c9TAPE\u00a02[\/vc_column_text][vc_column_text el_class=\u00a0\u00bbwhite-overlay-text\u00a0\u00bb]V\u00e9rifiez si votre v\u00e9hicule est\u00a0assez spacieux pour recevoir la commande. Nos experts pourrons vous guider. Votre s\u00e9curit\u00e9 est notre priorit\u00e9.[\/vc_column_text][\/vc_column][vc_column width=\u00a0\u00bb1\/3&Prime; css=\u00a0\u00bb.vc_custom_1479338722388{padding-top: 40px !important;padding-right: 5% !important;padding-bottom: 40px !important;padding-left: 5% !important;background-image: url(https:\/\/bravoparty.com\/wp-content\/uploads\/2016\/09\/Step-3-pick-up-1.jpg?id=556) !important;background-position: center !important;background-repeat: no-repeat !important;background-size: cover !important;}\u00a0\u00bb el_class=\u00a0\u00bbfancy-box\u00a0\u00bb][vc_column_text el_class=\u00a0\u00bbtop-number-box\u00a0\u00bb]\u00c9TAPE\u00a03[\/vc_column_text][vc_column_text css=\u00a0\u00bb.vc_custom_1488141855430{padding-top: 20px !important;padding-bottom: 20px !important;}\u00a0\u00bb el_class=\u00a0\u00bbwhite-overlay-text\u00a0\u00bb]\u00c0 la journ\u00e9e convenue, venez chercher votre commande \u00e0 l&rsquo;endroit d\u00e9sign\u00e9 de l&rsquo;entrep\u00f4t Bravo (\u00e0 l&rsquo;arri\u00e8re du b\u00e2timent) durant nos heures d&rsquo;ouverture. Les heures d&rsquo;ouverture de l&rsquo;entrep\u00f4t sont du lundi au vendredi de 9h00 \u00e0 15h00.[\/vc_column_text][\/vc_column][\/vc_row]<\/p>\n<\/div>","protected":false},"excerpt":{"rendered":"<p>[vc_row el_class=\u00a0\u00bbheader-row\u00a0\u00bb][vc_column width=\u00a0\u00bb1\/2&Prime;][vc_column_text] Un jeu d\u2019enfant! [\/vc_column_text][vc_column_text]Si vous d\u00e9sirez venir chercher votre commande, nous avons un d\u00e9partement d\u00e9di\u00e9 \u00e0 la cueillette\/retour. Des frais suppl\u00e9mentaires de pr\u00e9paration de 50$ seront factur\u00e9s pour toutes les commandes de ramassage. Un contrat de traiteur de derni\u00e8re minute ou un \u00e9v\u00e8nement d&rsquo;entreprise, notre d\u00e9partement de cueillette est toujours pr\u00eat. Notre [&hellip;]<\/p>\n","protected":false},"author":1,"featured_media":503,"parent":412,"menu_order":0,"comment_status":"closed","ping_status":"closed","template":"","meta":{"footnotes":""},"class_list":["post-416","page","type-page","status-publish","has-post-thumbnail","hentry"],"_links":{"self":[{"href":"https:\/\/bravoparty.com\/fr\/wp-json\/wp\/v2\/pages\/416","targetHints":{"allow":["GET"]}}],"collection":[{"href":"https:\/\/bravoparty.com\/fr\/wp-json\/wp\/v2\/pages"}],"about":[{"href":"https:\/\/bravoparty.com\/fr\/wp-json\/wp\/v2\/types\/page"}],"author":[{"embeddable":true,"href":"https:\/\/bravoparty.com\/fr\/wp-json\/wp\/v2\/users\/1"}],"replies":[{"embeddable":true,"href":"https:\/\/bravoparty.com\/fr\/wp-json\/wp\/v2\/comments?post=416"}],"version-history":[{"count":12,"href":"https:\/\/bravoparty.com\/fr\/wp-json\/wp\/v2\/pages\/416\/revisions"}],"predecessor-version":[{"id":33223,"href":"https:\/\/bravoparty.com\/fr\/wp-json\/wp\/v2\/pages\/416\/revisions\/33223"}],"up":[{"embeddable":true,"href":"https:\/\/bravoparty.com\/fr\/wp-json\/wp\/v2\/pages\/412"}],"wp:featuredmedia":[{"embeddable":true,"href":"https:\/\/bravoparty.com\/fr\/wp-json\/wp\/v2\/media\/503"}],"wp:attachment":[{"href":"https:\/\/bravoparty.com\/fr\/wp-json\/wp\/v2\/media?parent=416"}],"curies":[{"name":"wp","href":"https:\/\/api.w.org\/{rel}","templated":true}]}}