{"id":442,"date":"2016-08-23T18:41:24","date_gmt":"2016-08-23T18:41:24","guid":{"rendered":"https:\/\/bravoparty.com\/fr\/?page_id=442"},"modified":"2025-05-08T09:38:55","modified_gmt":"2025-05-08T13:38:55","slug":"a-propos-de-bravo","status":"publish","type":"page","link":"https:\/\/bravoparty.com\/fr\/a-propos-de-bravo\/","title":{"rendered":"\u00c0 propos de Bravo"},"content":{"rendered":"<div class=\"wpb-content-wrapper\"><p>[vc_row el_id=\u00a0\u00bbexperience\u00a0\u00bb][vc_column][vc_column_text]<\/p>\n<h2>Vivez la diff\u00e9rence Bravo<\/h2>\n<p>[\/vc_column_text][vc_row_inner equal_height=\u00a0\u00bbyes\u00a0\u00bb el_class=\u00a0\u00bbrollover-grid rollover-grey\u00a0\u00bb][vc_column_inner width=\u00a0\u00bb1\/4&Prime;][vc_column_text]<\/p>\n<h4 class=\"body-font uppercase\">Service client hors pair<\/h4>\n<p>Nos associ\u00e9s des ventes\u00a0sont form\u00e9s pour vous assister tout au long du processus.[\/vc_column_text][\/vc_column_inner][vc_column_inner width=\u00a0\u00bb1\/4&Prime;][vc_column_text]<\/p>\n<h4 class=\"body-font uppercase\">Verrerie<\/h4>\n<p>Notre verrerie est inspect\u00e9e individuellement pour des d\u00e9fauts ou des br\u00e8ches. Elle arrivera toujours scell\u00e9e et identifi\u00e9e.[\/vc_column_text][\/vc_column_inner][vc_column_inner width=\u00a0\u00bb1\/4&Prime;][vc_column_text]<\/p>\n<h4 class=\"body-font uppercase\">Tables et chaises<\/h4>\n<p>Nos tables et nos chaises sont lav\u00e9es \u00e0 la main. Des retouches sont faites par notre \u00e9quipe d\u2019entretien \u00e0 temps plein.[\/vc_column_text][\/vc_column_inner][vc_column_inner width=\u00a0\u00bb1\/4&Prime;][vc_column_text]<\/p>\n<h4 class=\"body-font uppercase\">\u00c9quipement de qualit\u00e9<\/h4>\n<p>Tous nos \u00e9quipements sont entretenus apr\u00e8s chaque location.[\/vc_column_text][\/vc_column_inner][\/vc_row_inner][vc_row_inner equal_height=\u00a0\u00bbyes\u00a0\u00bb el_class=\u00a0\u00bbrollover-grid rollover-grey\u00a0\u00bb][vc_column_inner width=\u00a0\u00bb1\/4&Prime;][vc_column_text]<\/p>\n<h4 class=\"body-font uppercase\">Coutellerie<\/h4>\n<p>Notre coutellerie est lav\u00e9e, polie \u00e0 la main et scell\u00e9e \u00e0 la perfection.[\/vc_column_text][\/vc_column_inner][vc_column_inner width=\u00a0\u00bb1\/4&Prime;][vc_column_text]<\/p>\n<h4 class=\"body-font uppercase\">Nappes<\/h4>\n<p>Nous offrons des centaines de diff\u00e9rentes options de nappes. Elles sont inspect\u00e9es et emball\u00e9es par nos experts.[\/vc_column_text][\/vc_column_inner][vc_column_inner width=\u00a0\u00bb1\/4&Prime;][vc_column_text]<\/p>\n<h4 class=\"body-font uppercase\">Soumission en ligne<\/h4>\n<p>Comme tous nos prix sont list\u00e9s en ligne, il est facile et rapide pour vous de cr\u00e9er une soumission. Un associ\u00e9 des ventes\u00a0fera toujours un suivi pour discuter de votre commande.[\/vc_column_text][\/vc_column_inner][vc_column_inner width=\u00a0\u00bb1\/4&Prime;][vc_column_text]<\/p>\n<h4 class=\"body-font uppercase\">Livraison et cueillette<\/h4>\n<p>Notre \u00e9quipe de transport est toujours pr\u00eate! Nos GPS nous permettent de savoir o\u00f9 sont les livreurs en tout temps.[\/vc_column_text][\/vc_column_inner][\/vc_row_inner][\/vc_column][\/vc_row][vc_row][vc_column width=\u00a0\u00bb5\/12&Prime;][vc_single_image image=\u00a0\u00bb579&Prime; img_size=\u00a0\u00bblarge\u00a0\u00bb alignment=\u00a0\u00bbcenter\u00a0\u00bb][\/vc_column][vc_column width=\u00a0\u00bb7\/12&Prime;][vc_column_text el_class=\u00a0\u00bboverlap\u00a0\u00bb]<\/p>\n<h2>La Bo\u00eete Bleue Bravo: le symbole de notre qualit\u00e9<\/h2>\n<p>\u00ab La qualit\u00e9 n\u2019est jamais par accident. C\u2019est toujours le r\u00e9sultat d\u2019une intention \u00e9lev\u00e9e, d\u2019un effort sinc\u00e8re, d\u2019une direction intelligente et d\u2019une ex\u00e9cution talentueuse. Elle repr\u00e9sente le sage choix d&rsquo;entre plusieurs alternatives\u00bb \u2013 William A. Foster.<\/p>\n<p>Nos quelques d\u00e9cennies d&rsquo;exp\u00e9rience dans l&rsquo;industrie \u00e9v\u00e8nementielle nous ont appris une chose ou deux \u00e0 propos des produits de qualit\u00e9 et du service. L&#8217;emballage de nos produits dans nos bo\u00eetes bleues est l&rsquo;une des nombreuses pratiques que nous avons adopt\u00e9 qui soulignent l&#8217;emphase que nous mettons sur la qualit\u00e9.<\/p>\n<p>Nous sommes fiers de nos produits. Nous choisissons de les livrer dans des bo\u00eetes lavables, \u00e9cologiques et pratiques. Non seulement cela nous aide \u00e0 conserver nos \u00e9quipements en bon \u00e9tat, mais cela aide les clients \u00e0 rester organis\u00e9s.[\/vc_column_text][\/vc_column][\/vc_row][vc_row css=\u00a0\u00bb.vc_custom_1475254111946{background-color: #ededed !important;}\u00a0\u00bb el_id=\u00a0\u00bbhistory\u00a0\u00bb][vc_column][vc_column_text]<\/p>\n<h2>Notre histoire<\/h2>\n<p>[\/vc_column_text][vc_row_inner equal_height=\u00a0\u00bbyes\u00a0\u00bb el_class=\u00a0\u00bbrollover-grid rollover-white\u00a0\u00bb][vc_column_inner width=\u00a0\u00bb1\/4&Prime;][vc_column_text]<\/p>\n<h4 class=\"body-font uppercase\">1984<\/h4>\n<p>En ao\u00fbt 1984, Andrew Paquette fonde Pyramide Party &amp; Loutec en F\u00eate qui comprend\u00a02 locations (Lasalle et Chateauguay, Qc). L\u2019inventaire inclut les locations, les accessoires de f\u00eate et les d\u00e9corations.[\/vc_column_text][\/vc_column_inner][vc_column_inner width=\u00a0\u00bb1\/4&Prime;][vc_column_text]<\/p>\n<h4 class=\"body-font uppercase\">1995<\/h4>\n<p>Afin de mieux servir la client\u00e8le, Pyramide Party d\u00e9m\u00e9nage \u00e0 Montr\u00e9al dans un local d&rsquo;une superficie de 20 000 pieds carr\u00e9s .[\/vc_column_text][\/vc_column_inner][vc_column_inner width=\u00a0\u00bb1\/4&Prime;][vc_column_text]<\/p>\n<h4 class=\"body-font uppercase\">1997<\/h4>\n<p>La cr\u00e9ation d\u2019une nouvelle image: Bravo Party est n\u00e9 afin de faire totalement partie de l\u2019industrie des locations et \u00e9v\u00e8nements.[\/vc_column_text][\/vc_column_inner][vc_column_inner width=\u00a0\u00bb1\/4&Prime;][vc_column_text]<\/p>\n<h4 class=\"body-font uppercase\">1999<\/h4>\n<p>Bravo s\u2019\u00e9tend maintenant \u00e0 plus de 25 000 pieds carr\u00e9s et prendra de l&rsquo;expansion plusieurs autres fois au cours de la d\u00e9cennie afin de mieux servir les r\u00e9gions de Montr\u00e9al, la Rive-Sud, les Laurentides et les Cantons-de-l\u2019Est.[\/vc_column_text][\/vc_column_inner][\/vc_row_inner][vc_row_inner equal_height=\u00a0\u00bbyes\u00a0\u00bb el_class=\u00a0\u00bbrollover-grid rollover-white\u00a0\u00bb][vc_column_inner width=\u00a0\u00bb1\/4&Prime;][vc_column_text]<\/p>\n<h4 class=\"body-font uppercase\">2011<\/h4>\n<p>L\u2019entreprise d\u00e9m\u00e9nage dans une location de 100 000 pieds carr\u00e9s compl\u00e8tement r\u00e9nov\u00e9e en mai 2011, et peut maintenant mieux desservir l\u2019Est du Canada.[\/vc_column_text][\/vc_column_inner][vc_column_inner width=\u00a0\u00bb1\/4&Prime;][vc_column_text]<\/p>\n<h4 class=\"body-font uppercase\">2012<\/h4>\n<p>L\u2019\u00e9quipe de Bravo est nomm\u00e9e \u00ab\u00a0Party Equipment Rental Showroom of the year\u00a0\u00bb par la \u00ab\u00a0North American Industry Professionals\u00a0\u00bb.[\/vc_column_text][\/vc_column_inner][vc_column_inner width=\u00a0\u00bb1\/4&Prime;][vc_column_text]<\/p>\n<h4 class=\"body-font uppercase\">2016<\/h4>\n<p>Le Groupe Bravo est fond\u00e9 apr\u00e8s 32 ans dans l\u2019industrie.[\/vc_column_text][\/vc_column_inner][vc_column_inner width=\u00a0\u00bb1\/4&Prime;][vc_column_text]<\/p>\n<h4 class=\"body-font uppercase\">2019<\/h4>\n<p>Bravo a c\u00e9l\u00e9br\u00e9 ses 35 ans d&rsquo;activit\u00e9.[\/vc_column_text][\/vc_column_inner][\/vc_row_inner][vc_row_inner][vc_column_inner width=\u00a0\u00bb1\/2&Prime;][vc_column_text]<strong>2021<\/strong><\/p>\n<p>Apr\u00e8s une ann\u00e9e 2020 difficile, Bravo a rebondi mieux que jamais avec un enthousiasme renouvel\u00e9 pour les clients Bravo et leurs \u00e9v\u00e9nements.[\/vc_column_text][\/vc_column_inner][vc_column_inner width=\u00a0\u00bb1\/2&Prime;][vc_column_text]<strong>2024<\/strong><\/p>\n<p>Bravo a c\u00e9l\u00e9br\u00e9 ses 40 ans d&rsquo;activit\u00e9.[\/vc_column_text][\/vc_column_inner][\/vc_row_inner][\/vc_column][\/vc_row][vc_row el_id=\u00a0\u00bbeco\u00a0\u00bb][vc_column width=\u00a0\u00bb2\/3&Prime;][vc_column_text]<\/p>\n<h2>Eco Bravo<\/h2>\n<ul>\n<li>Nos bo\u00eetes bleues sont faites de plastique recycl\u00e9 et vont dans notre lave-vaisselle de fa\u00e7on \u00e0 \u00eatre d\u00e9sinfect\u00e9es et nettoy\u00e9es apr\u00e8s chaque location.<\/li>\n<li>Nous utilisons des produits \u00e9cologiques et biod\u00e9gradables \u00e0 chaque occasion possible.<\/li>\n<li>Notre eau chaude instantan\u00e9e ne chauffe l\u2019eau lorsque besoin seulement.<\/li>\n<li>La technologie GPS permet \u00e0 nos camions d\u2019emprunter les routes les plus efficaces.<\/li>\n<li>Nous utilisons un syst\u00e8me de factures informatis\u00e9es.<\/li>\n<li>Nous recyclons tous les emballages, papiers et plastique.<\/li>\n<\/ul>\n<p>[\/vc_column_text][\/vc_column][vc_column width=\u00a0\u00bb1\/3&Prime;][vc_single_image image=\u00a0\u00bb548&Prime; img_size=\u00a0\u00bb200&#215;200&Prime; alignment=\u00a0\u00bbcenter\u00a0\u00bb][\/vc_column][\/vc_row]<\/p>\n<\/div>","protected":false},"excerpt":{"rendered":"<p>[vc_row el_id=\u00a0\u00bbexperience\u00a0\u00bb][vc_column][vc_column_text] Vivez la diff\u00e9rence Bravo [\/vc_column_text][vc_row_inner equal_height=\u00a0\u00bbyes\u00a0\u00bb el_class=\u00a0\u00bbrollover-grid rollover-grey\u00a0\u00bb][vc_column_inner width=\u00a0\u00bb1\/4&Prime;][vc_column_text] Service client hors pair Nos associ\u00e9s des ventes\u00a0sont form\u00e9s pour vous assister tout au long du processus.[\/vc_column_text][\/vc_column_inner][vc_column_inner width=\u00a0\u00bb1\/4&Prime;][vc_column_text] Verrerie Notre verrerie est inspect\u00e9e individuellement pour des d\u00e9fauts ou des br\u00e8ches. Elle arrivera toujours scell\u00e9e et identifi\u00e9e.[\/vc_column_text][\/vc_column_inner][vc_column_inner width=\u00a0\u00bb1\/4&Prime;][vc_column_text] Tables et chaises Nos tables et nos [&hellip;]<\/p>\n","protected":false},"author":1,"featured_media":646,"parent":0,"menu_order":0,"comment_status":"closed","ping_status":"closed","template":"","meta":{"footnotes":""},"class_list":["post-442","page","type-page","status-publish","has-post-thumbnail","hentry"],"_links":{"self":[{"href":"https:\/\/bravoparty.com\/fr\/wp-json\/wp\/v2\/pages\/442","targetHints":{"allow":["GET"]}}],"collection":[{"href":"https:\/\/bravoparty.com\/fr\/wp-json\/wp\/v2\/pages"}],"about":[{"href":"https:\/\/bravoparty.com\/fr\/wp-json\/wp\/v2\/types\/page"}],"author":[{"embeddable":true,"href":"https:\/\/bravoparty.com\/fr\/wp-json\/wp\/v2\/users\/1"}],"replies":[{"embeddable":true,"href":"https:\/\/bravoparty.com\/fr\/wp-json\/wp\/v2\/comments?post=442"}],"version-history":[{"count":15,"href":"https:\/\/bravoparty.com\/fr\/wp-json\/wp\/v2\/pages\/442\/revisions"}],"predecessor-version":[{"id":55590,"href":"https:\/\/bravoparty.com\/fr\/wp-json\/wp\/v2\/pages\/442\/revisions\/55590"}],"wp:featuredmedia":[{"embeddable":true,"href":"https:\/\/bravoparty.com\/fr\/wp-json\/wp\/v2\/media\/646"}],"wp:attachment":[{"href":"https:\/\/bravoparty.com\/fr\/wp-json\/wp\/v2\/media?parent=442"}],"curies":[{"name":"wp","href":"https:\/\/api.w.org\/{rel}","templated":true}]}}