{"id":531,"date":"2016-11-01T15:34:26","date_gmt":"2016-11-01T15:34:26","guid":{"rendered":"https:\/\/bravoparty.com\/fr\/?page_id=531"},"modified":"2017-03-06T15:57:25","modified_gmt":"2017-03-06T15:57:25","slug":"privacy-policy","status":"publish","type":"page","link":"https:\/\/bravoparty.com\/fr\/privacy-policy\/","title":{"rendered":"Politique de Confidentialit\u00e9"},"content":{"rendered":"<p>Chez Bravo nous prot\u00e9geons les informations personnelles et confidentielles, ainsi que la vie priv\u00e9e de nos clients, partenaires d&rsquo;affaires et nos employ\u00e9s. Nous limitons le partage des informations personnelles qu&rsquo;avec les personnes qui ont besoin de l&rsquo;information et nous nous assurons que toute information que Bravo poss\u00e8de \u00e0 propos des clients est \u00e0 jour, correcte et compl\u00e8te.<\/p>\n<p>Si vous avez besoin de toute autre information \u00e0 propos de notre politique de confidentialit\u00e9, veuillez nous contacter.<\/p>\n","protected":false},"excerpt":{"rendered":"<p>Chez Bravo nous prot\u00e9geons les informations personnelles et confidentielles, ainsi que la vie priv\u00e9e de nos clients, partenaires d&rsquo;affaires et nos employ\u00e9s. Nous limitons le partage des informations personnelles qu&rsquo;avec les personnes qui ont besoin de l&rsquo;information et nous nous assurons que toute information que Bravo poss\u00e8de \u00e0 propos des clients est \u00e0 jour, correcte [&hellip;]<\/p>\n","protected":false},"author":1,"featured_media":209,"parent":0,"menu_order":0,"comment_status":"closed","ping_status":"closed","template":"","meta":{"footnotes":""},"class_list":["post-531","page","type-page","status-publish","has-post-thumbnail","hentry"],"_links":{"self":[{"href":"https:\/\/bravoparty.com\/fr\/wp-json\/wp\/v2\/pages\/531","targetHints":{"allow":["GET"]}}],"collection":[{"href":"https:\/\/bravoparty.com\/fr\/wp-json\/wp\/v2\/pages"}],"about":[{"href":"https:\/\/bravoparty.com\/fr\/wp-json\/wp\/v2\/types\/page"}],"author":[{"embeddable":true,"href":"https:\/\/bravoparty.com\/fr\/wp-json\/wp\/v2\/users\/1"}],"replies":[{"embeddable":true,"href":"https:\/\/bravoparty.com\/fr\/wp-json\/wp\/v2\/comments?post=531"}],"version-history":[{"count":3,"href":"https:\/\/bravoparty.com\/fr\/wp-json\/wp\/v2\/pages\/531\/revisions"}],"predecessor-version":[{"id":828,"href":"https:\/\/bravoparty.com\/fr\/wp-json\/wp\/v2\/pages\/531\/revisions\/828"}],"wp:featuredmedia":[{"embeddable":true,"href":"https:\/\/bravoparty.com\/fr\/wp-json\/wp\/v2\/media\/209"}],"wp:attachment":[{"href":"https:\/\/bravoparty.com\/fr\/wp-json\/wp\/v2\/media?parent=531"}],"curies":[{"name":"wp","href":"https:\/\/api.w.org\/{rel}","templated":true}]}}